{"id":138,"date":"2023-03-09T09:12:58","date_gmt":"2023-03-09T08:12:58","guid":{"rendered":"http:\/\/www.alexandradietetique.fr\/?page_id=138"},"modified":"2024-08-31T08:57:01","modified_gmt":"2024-08-31T06:57:01","slug":"ateliers-conferences","status":"publish","type":"page","link":"https:\/\/www.alexandradietetique.fr\/index.php\/ateliers-conferences\/","title":{"rendered":"Ateliers &#8211; Conf\u00e9rences"},"content":{"rendered":"\n<p>Vous souhaitez un atelier de groupe autour de la sant\u00e9 ou de la performance sportive ? J&#8217;organise des conf\u00e9rences sur diverses th\u00e9matiques autour de l&#8217;alimentation.<\/p>\n\n\n\n<p>En entreprise, pour des associations, club sportif, dans les \u00e9tablissements scolaires, m\u00e9dicaux, n&#8217;h\u00e9sitez pas \u00e0 me contacter afin que nous discutions de votre projet. <\/p>\n\n\n\n<p>Devis selon la demande. Me contacter. <\/p>\n\n\n\n<hr class=\"wp-block-separator has-alpha-channel-opacity\"\/>\n\n\n\n<p><strong>Retour sur un atelier autour du manger-main, organis\u00e9 avec Silver Fourchette et l&#8217;association A3 <\/strong>au restaurant &#8220;Dans la Cuisine&#8221; \u00e0 Arles. <\/p>\n\n\n\n<figure class=\"wp-block-image size-large\"><img loading=\"lazy\" decoding=\"async\" width=\"1024\" height=\"768\" src=\"http:\/\/www.alexandradietetique.fr\/wp-content\/uploads\/2023\/03\/sf13-atelier-de-cuisine-paa-arles-2-mars-23_52721707739_o-1024x768.jpg\" alt=\"\" class=\"wp-image-139\" srcset=\"https:\/\/www.alexandradietetique.fr\/wp-content\/uploads\/2023\/03\/sf13-atelier-de-cuisine-paa-arles-2-mars-23_52721707739_o-1024x768.jpg 1024w, https:\/\/www.alexandradietetique.fr\/wp-content\/uploads\/2023\/03\/sf13-atelier-de-cuisine-paa-arles-2-mars-23_52721707739_o-300x225.jpg 300w, https:\/\/www.alexandradietetique.fr\/wp-content\/uploads\/2023\/03\/sf13-atelier-de-cuisine-paa-arles-2-mars-23_52721707739_o-768x576.jpg 768w, https:\/\/www.alexandradietetique.fr\/wp-content\/uploads\/2023\/03\/sf13-atelier-de-cuisine-paa-arles-2-mars-23_52721707739_o-1536x1152.jpg 1536w, https:\/\/www.alexandradietetique.fr\/wp-content\/uploads\/2023\/03\/sf13-atelier-de-cuisine-paa-arles-2-mars-23_52721707739_o-2048x1536.jpg 2048w, https:\/\/www.alexandradietetique.fr\/wp-content\/uploads\/2023\/03\/sf13-atelier-de-cuisine-paa-arles-2-mars-23_52721707739_o-80x60.jpg 80w\" sizes=\"auto, (max-width: 1024px) 100vw, 1024px\" \/><figcaption class=\"wp-element-caption\">Conf\u00e9rence autour de l&#8217;\u00e9quilibre alimentaire et du manger main<\/figcaption><\/figure>\n","protected":false},"excerpt":{"rendered":"<p>Vous souhaitez un atelier de groupe autour de la sant\u00e9 ou de la performance sportive ? J&#8217;organise des conf\u00e9rences sur diverses th\u00e9matiques autour de l&#8217;alimentation. &hellip; <\/p>\n","protected":false},"author":1,"featured_media":0,"parent":0,"menu_order":0,"comment_status":"closed","ping_status":"closed","template":"","meta":{"footnotes":""},"class_list":["post-138","page","type-page","status-publish","hentry","latest_post"],"_links":{"self":[{"href":"https:\/\/www.alexandradietetique.fr\/index.php\/wp-json\/wp\/v2\/pages\/138","targetHints":{"allow":["GET"]}}],"collection":[{"href":"https:\/\/www.alexandradietetique.fr\/index.php\/wp-json\/wp\/v2\/pages"}],"about":[{"href":"https:\/\/www.alexandradietetique.fr\/index.php\/wp-json\/wp\/v2\/types\/page"}],"author":[{"embeddable":true,"href":"https:\/\/www.alexandradietetique.fr\/index.php\/wp-json\/wp\/v2\/users\/1"}],"replies":[{"embeddable":true,"href":"https:\/\/www.alexandradietetique.fr\/index.php\/wp-json\/wp\/v2\/comments?post=138"}],"version-history":[{"count":3,"href":"https:\/\/www.alexandradietetique.fr\/index.php\/wp-json\/wp\/v2\/pages\/138\/revisions"}],"predecessor-version":[{"id":182,"href":"https:\/\/www.alexandradietetique.fr\/index.php\/wp-json\/wp\/v2\/pages\/138\/revisions\/182"}],"wp:attachment":[{"href":"https:\/\/www.alexandradietetique.fr\/index.php\/wp-json\/wp\/v2\/media?parent=138"}],"curies":[{"name":"wp","href":"https:\/\/api.w.org\/{rel}","templated":true}]}}