{"id":18,"date":"2022-11-10T15:31:54","date_gmt":"2022-11-10T14:31:54","guid":{"rendered":"http:\/\/www.alexandradietetique.fr\/?page_id=18"},"modified":"2024-09-01T08:14:34","modified_gmt":"2024-09-01T06:14:34","slug":"presentation","status":"publish","type":"page","link":"https:\/\/www.alexandradietetique.fr\/index.php\/presentation\/","title":{"rendered":"Pr\u00e9sentation"},"content":{"rendered":"\n<p class=\"has-text-align-center\"><\/p>\n\n\n\n<div class=\"wp-block-media-text is-stacked-on-mobile\"><figure class=\"wp-block-media-text__media\"><img loading=\"lazy\" decoding=\"async\" width=\"1024\" height=\"869\" src=\"https:\/\/www.alexandradietetique.fr\/wp-content\/uploads\/2024\/09\/IMG_2476_2-1024x869.jpg\" alt=\"\" class=\"wp-image-221 size-full\" srcset=\"https:\/\/www.alexandradietetique.fr\/wp-content\/uploads\/2024\/09\/IMG_2476_2-1024x869.jpg 1024w, https:\/\/www.alexandradietetique.fr\/wp-content\/uploads\/2024\/09\/IMG_2476_2-300x254.jpg 300w, https:\/\/www.alexandradietetique.fr\/wp-content\/uploads\/2024\/09\/IMG_2476_2-768x651.jpg 768w, https:\/\/www.alexandradietetique.fr\/wp-content\/uploads\/2024\/09\/IMG_2476_2-1536x1303.jpg 1536w, https:\/\/www.alexandradietetique.fr\/wp-content\/uploads\/2024\/09\/IMG_2476_2-2048x1737.jpg 2048w, https:\/\/www.alexandradietetique.fr\/wp-content\/uploads\/2024\/09\/IMG_2476_2-71x60.jpg 71w\" sizes=\"auto, (max-width: 1024px) 100vw, 1024px\" \/><\/figure><div class=\"wp-block-media-text__content\">\n<p>\u00ab Bienveillante, \u00e0 l\u2019\u00e9coute et dynamique \u00bb<\/p>\n<\/div><\/div>\n\n\n\n<p>Apr\u00e8s 5 ans d\u2019\u00e9tudes d\u2019ing\u00e9nieur, j\u2019ai travaill\u00e9 3 ans en tant qu\u2019ing\u00e9nieur logiciel dans l\u2019industrie de l\u2019imagerie m\u00e9dicale. Passionn\u00e9e par la sant\u00e9 j\u2019ai toujours voulu travailler dans l\u2019am\u00e9lioration de la prise en charge des patients. Cependant le contact humain \u00e9tait un \u00e9l\u00e9ment manquant \u00e0 mon m\u00e9tier. J\u2019ai donc d\u00e9cider de me tourner vers un m\u00e9tier plus humain, en accord avec mes valeurs.<\/p>\n\n\n\n<p>Mes deux passions : la cuisine et le sport. N\u00e9e d\u2019un m\u00e9tissage R\u00e9unionnais-chinois-polonais j\u2019ai grandi dans un environnement multiculturel o\u00f9 les saveurs des 4 coins du monde se sont c\u00f4toy\u00e9s, j\u2019ai tr\u00e8s vite pris go\u00fbt \u00e0 cuisiner, et \u00e0 manger (oui je suis une grande gourmande !). Sportive depuis petite, je me suis de plus en plus int\u00e9ress\u00e9e \u00e0 la nutrition en lien avec ma pratique. Il m\u2019est apparue comme une \u00e9vidence de me reconvertir dans le domaine de la nutrition.<\/p>\n\n\n\n<p>En 2020 je me suis donc lanc\u00e9e dans la grande aventure du BTS di\u00e9t\u00e9tique que j\u2019ai obtenu en 2022. Tr\u00e8s investie dans ce que j\u2019entreprends et toujours curieuse d\u2019apprendre de nouvelles choses, je continue de me former en permanence afin de mettre \u00e0 jour mes connaissances, en acqu\u00e9rir de nouvelles.<\/p>\n\n\n\n<p>Aujourd\u2019hui je souhaite vous proposer des suivis personnalis\u00e9s, adapt\u00e9s \u00e0 votre quotidien, \u00e0 vos go\u00fbts et \u00e0 vos besoins afin d\u2019allier sant\u00e9 et plaisir.<\/p>\n\n\n\n<hr class=\"wp-block-separator has-alpha-channel-opacity\"\/>\n\n\n\n<p><strong>Le sport &amp; moi : <\/strong><\/p>\n\n\n\n<div class=\"wp-block-group is-nowrap is-layout-flex wp-container-core-group-is-layout-ad2f72ca wp-block-group-is-layout-flex\">\n<figure class=\"wp-block-image size-large is-resized\"><img loading=\"lazy\" decoding=\"async\" width=\"819\" height=\"1024\" src=\"https:\/\/www.alexandradietetique.fr\/wp-content\/uploads\/2024\/09\/IMG_20180604_075757_072-819x1024.jpg\" alt=\"\" class=\"wp-image-222\" style=\"width:168px;height:auto\" srcset=\"https:\/\/www.alexandradietetique.fr\/wp-content\/uploads\/2024\/09\/IMG_20180604_075757_072-819x1024.jpg 819w, https:\/\/www.alexandradietetique.fr\/wp-content\/uploads\/2024\/09\/IMG_20180604_075757_072-240x300.jpg 240w, https:\/\/www.alexandradietetique.fr\/wp-content\/uploads\/2024\/09\/IMG_20180604_075757_072-768x960.jpg 768w, https:\/\/www.alexandradietetique.fr\/wp-content\/uploads\/2024\/09\/IMG_20180604_075757_072-48x60.jpg 48w, https:\/\/www.alexandradietetique.fr\/wp-content\/uploads\/2024\/09\/IMG_20180604_075757_072.jpg 1040w\" sizes=\"auto, (max-width: 819px) 100vw, 819px\" \/><\/figure>\n\n\n\n<figure class=\"wp-block-image size-large is-resized\"><img loading=\"lazy\" decoding=\"async\" width=\"819\" height=\"1024\" src=\"https:\/\/www.alexandradietetique.fr\/wp-content\/uploads\/2024\/09\/IMG_20191012_212806_620-819x1024.jpg\" alt=\"\" class=\"wp-image-223\" style=\"width:169px;height:auto\" srcset=\"https:\/\/www.alexandradietetique.fr\/wp-content\/uploads\/2024\/09\/IMG_20191012_212806_620-819x1024.jpg 819w, https:\/\/www.alexandradietetique.fr\/wp-content\/uploads\/2024\/09\/IMG_20191012_212806_620-240x300.jpg 240w, https:\/\/www.alexandradietetique.fr\/wp-content\/uploads\/2024\/09\/IMG_20191012_212806_620-768x960.jpg 768w, https:\/\/www.alexandradietetique.fr\/wp-content\/uploads\/2024\/09\/IMG_20191012_212806_620-48x60.jpg 48w, https:\/\/www.alexandradietetique.fr\/wp-content\/uploads\/2024\/09\/IMG_20191012_212806_620.jpg 1080w\" sizes=\"auto, (max-width: 819px) 100vw, 819px\" \/><\/figure>\n\n\n\n<figure class=\"wp-block-image size-large is-resized\"><img loading=\"lazy\" decoding=\"async\" width=\"683\" height=\"1024\" src=\"https:\/\/www.alexandradietetique.fr\/wp-content\/uploads\/2024\/09\/signal-2024-09-01-073756_007-683x1024.jpeg\" alt=\"\" class=\"wp-image-224\" style=\"width:144px;height:auto\" srcset=\"https:\/\/www.alexandradietetique.fr\/wp-content\/uploads\/2024\/09\/signal-2024-09-01-073756_007-683x1024.jpeg 683w, https:\/\/www.alexandradietetique.fr\/wp-content\/uploads\/2024\/09\/signal-2024-09-01-073756_007-200x300.jpeg 200w, https:\/\/www.alexandradietetique.fr\/wp-content\/uploads\/2024\/09\/signal-2024-09-01-073756_007-768x1152.jpeg 768w, https:\/\/www.alexandradietetique.fr\/wp-content\/uploads\/2024\/09\/signal-2024-09-01-073756_007-1024x1536.jpeg 1024w, https:\/\/www.alexandradietetique.fr\/wp-content\/uploads\/2024\/09\/signal-2024-09-01-073756_007-40x60.jpeg 40w, https:\/\/www.alexandradietetique.fr\/wp-content\/uploads\/2024\/09\/signal-2024-09-01-073756_007.jpeg 1365w\" sizes=\"auto, (max-width: 683px) 100vw, 683px\" \/><\/figure>\n\n\n\n<figure class=\"wp-block-image size-full is-resized\"><img loading=\"lazy\" decoding=\"async\" width=\"720\" height=\"720\" src=\"https:\/\/www.alexandradietetique.fr\/wp-content\/uploads\/2024\/09\/signal-2024-09-01-081302.jpeg\" alt=\"\" class=\"wp-image-225\" style=\"width:216px;height:auto\" srcset=\"https:\/\/www.alexandradietetique.fr\/wp-content\/uploads\/2024\/09\/signal-2024-09-01-081302.jpeg 720w, https:\/\/www.alexandradietetique.fr\/wp-content\/uploads\/2024\/09\/signal-2024-09-01-081302-300x300.jpeg 300w, https:\/\/www.alexandradietetique.fr\/wp-content\/uploads\/2024\/09\/signal-2024-09-01-081302-150x150.jpeg 150w, https:\/\/www.alexandradietetique.fr\/wp-content\/uploads\/2024\/09\/signal-2024-09-01-081302-60x60.jpeg 60w\" sizes=\"auto, (max-width: 720px) 100vw, 720px\" \/><\/figure>\n<\/div>\n\n\n\n<p>Hyperactive de nature, j&#8217;ai test\u00e9 beaucoup de sport depuis petite. Du patinage artistique au touch rugby en passant par la natation, la musculation, l&#8217;escalade et la course \u00e0 pied, je pratique aujourd&#8217;hui le Crossfit et l&#8217;halt\u00e9rophilie depuis 3 ans en comp\u00e9tition. <\/p>\n\n\n\n<p><mark style=\"background-color:rgba(0, 0, 0, 0)\" class=\"has-inline-color has-pale-pink-color\">Palmar\u00e8s sportif: <\/mark><\/p>\n\n\n\n<p>Course \u00e0 pied: 10km du bois de Boulogne, Urban Trail de Montpellier (12km), Trail du Salagou (13km)<\/p>\n\n\n\n<p>Crossfit: Vitrolles contest (3e place en Indiv), Pulsation Competition (5e place en team H\/F)<\/p>\n\n\n\n<p>Halt\u00e9rophilie: <strong>N<\/strong>iveau Interr\u00e9gional (-59kg) valid\u00e9 en 2024<\/p>\n\n\n\n<hr class=\"wp-block-separator has-alpha-channel-opacity\"\/>\n\n\n\n<p><strong>Mes formations:<\/strong><\/p>\n\n\n\n<p>BTS di\u00e9t\u00e9tique &#8211; CNED <\/p>\n\n\n\n<p>Education Th\u00e9rapeutique du Patient (40h) &#8211; Ligue Contre l&#8217;Ob\u00e9sit\u00e9 Montpellier <\/p>\n\n\n\n<p>DIU Nutrition et Activit\u00e9 Physique et Sportive &#8211; Paris Cit\u00e9  <\/p>\n","protected":false},"excerpt":{"rendered":"<p>\u00ab Bienveillante, \u00e0 l\u2019\u00e9coute et dynamique \u00bb Apr\u00e8s 5 ans d\u2019\u00e9tudes d\u2019ing\u00e9nieur, j\u2019ai travaill\u00e9 3 ans en tant qu\u2019ing\u00e9nieur logiciel dans l\u2019industrie de l\u2019imagerie m\u00e9dicale. &hellip; <\/p>\n","protected":false},"author":1,"featured_media":0,"parent":0,"menu_order":0,"comment_status":"closed","ping_status":"closed","template":"","meta":{"footnotes":""},"class_list":["post-18","page","type-page","status-publish","hentry","latest_post"],"_links":{"self":[{"href":"https:\/\/www.alexandradietetique.fr\/index.php\/wp-json\/wp\/v2\/pages\/18","targetHints":{"allow":["GET"]}}],"collection":[{"href":"https:\/\/www.alexandradietetique.fr\/index.php\/wp-json\/wp\/v2\/pages"}],"about":[{"href":"https:\/\/www.alexandradietetique.fr\/index.php\/wp-json\/wp\/v2\/types\/page"}],"author":[{"embeddable":true,"href":"https:\/\/www.alexandradietetique.fr\/index.php\/wp-json\/wp\/v2\/users\/1"}],"replies":[{"embeddable":true,"href":"https:\/\/www.alexandradietetique.fr\/index.php\/wp-json\/wp\/v2\/comments?post=18"}],"version-history":[{"count":6,"href":"https:\/\/www.alexandradietetique.fr\/index.php\/wp-json\/wp\/v2\/pages\/18\/revisions"}],"predecessor-version":[{"id":226,"href":"https:\/\/www.alexandradietetique.fr\/index.php\/wp-json\/wp\/v2\/pages\/18\/revisions\/226"}],"wp:attachment":[{"href":"https:\/\/www.alexandradietetique.fr\/index.php\/wp-json\/wp\/v2\/media?parent=18"}],"curies":[{"name":"wp","href":"https:\/\/api.w.org\/{rel}","templated":true}]}}