{"id":39,"date":"2022-11-10T15:38:40","date_gmt":"2022-11-10T14:38:40","guid":{"rendered":"http:\/\/www.alexandradietetique.fr\/?page_id=39"},"modified":"2024-12-17T17:04:09","modified_gmt":"2024-12-17T16:04:09","slug":"consultation","status":"publish","type":"page","link":"https:\/\/www.alexandradietetique.fr\/index.php\/consultation\/","title":{"rendered":"Prise en charge di\u00e9t\u00e9tique"},"content":{"rendered":"\n<p><strong>Comment s&#8217;organise une prise en charge di\u00e9t\u00e9tique?<\/strong><\/p>\n\n\n\n<p><strong>Un premier rendez-vous de bilan<\/strong> <strong>(1h environ)<\/strong>:<\/p>\n\n\n\n<p>La premi\u00e8re s\u00e9ance aura pour but de faire un bilan sur vos besoins et vos objectifs. Elle dure une heure environ.<\/p>\n\n\n\n<p>Je m&#8217;adapte \u00e0 votre r\u00e9gime alimentaire, votre mode de vie, \u00e0 vos ant\u00e9c\u00e9dents m\u00e9dicaux et familiaux et \u00e0 vos \u00e9ventuelles pathologies afin de vous proposer une prise en charge personnalis\u00e9e \u00e0 100%. Au cours de cette consultation nous d\u00e9finissons ensemble des objectifs pour les semaines\/mois \u00e0 venir.<\/p>\n\n\n\n<p>A l&#8217;issue du premier rendez-vous je vous remets votre dossier personnel (format num\u00e9rique privil\u00e9gi\u00e9) qui contient une synth\u00e8se de notre rendez vous avec les objectifs que nous nous sommes fix\u00e9s ainsi que des documents conseils adapt\u00e9s \u00e0 vos besoins.<\/p>\n\n\n\n<p><strong>Les rendez-vous de suivi (30-45mins):<\/strong><\/p>\n\n\n\n<p>Apr\u00e8s la premi\u00e8re s\u00e9ance, un <strong>suivi sera propos\u00e9 afin de vous accompagner au mieux et d&#8217;avoir des r\u00e9sultats dans le temps<\/strong>. La fr\u00e9quence des rendez-vous d\u00e9pendra de vous, de vos besoins: deux formules propos\u00e9es <mark style=\"background-color:rgba(0, 0, 0, 0)\" class=\"has-inline-color has-vivid-green-cyan-color\">Equilibre<\/mark> ou <mark style=\"background-color:rgba(0, 0, 0, 0)\" class=\"has-inline-color has-luminous-vivid-orange-color\">Performance<\/mark>. <\/p>\n\n\n\n<p>De plus, je travaille avec<mark style=\"background-color:rgba(0, 0, 0, 0)\" class=\"has-inline-color has-vivid-purple-color\"> Alivio, <\/mark>une application de suivi, <strong>enti\u00e8rement gratuite pour vous<\/strong>. Elle nous permet de rester en contact entre deux consultations. Vous pourrez ainsi me poser des questions au fil des semaines sans devoir attendre le prochain rendez-vous. Je pourrais \u00e9galement suivre vos avancements, vous donner des conseils suppl\u00e9mentaires et vous encourager. Vous y retrouverez \u00e9galement votre dossier personnel.<\/p>\n\n\n\n<p><strong><mark style=\"background-color:rgba(0, 0, 0, 0)\" class=\"has-inline-color has-vivid-red-color\">Le paiement au cabinet s&#8217;effectue en ch\u00e8que ou en esp\u00e8ces<\/mark>.<\/strong><\/p>\n\n\n\n<hr class=\"wp-block-separator has-alpha-channel-opacity\"\/>\n\n\n\n<p><strong>Prise en charge \u00e0 distance<\/strong><\/p>\n\n\n\n<p>Je propose un suivi 100% \u00e0 distance, o\u00f9 que vous soyez en France ou \u00e0 l&#8217;\u00e9tranger. Les consultations se d\u00e9roulent en visio avec <em>Google Meet. <\/em>La prise en charge se d\u00e9roule comme pour des consultations en cabinet.<\/p>\n\n\n\n<p><strong><mark style=\"background-color:rgba(0, 0, 0, 0)\" class=\"has-inline-color has-vivid-red-color\">Le paiement des consultations \u00e0 distance se fait par virement s\u00e9curis\u00e9 via Stripe.<\/mark><\/strong><\/p>\n\n\n\n<p class=\"has-text-align-center\"><mark style=\"background-color:rgba(0, 0, 0, 0)\" class=\"has-inline-color has-luminous-vivid-amber-color\"><strong>Contactez votre mutuelle:<\/strong><\/mark><strong><mark style=\"background-color:rgba(0, 0, 0, 0)\" class=\"has-inline-color has-luminous-vivid-amber-color\"> <\/mark><\/strong><mark style=\"background-color:rgba(0, 0, 0, 0)\" class=\"has-inline-color has-luminous-vivid-amber-color\">Elles sont nombreuses \u00e0 prendre en charge les consultations di\u00e9t\u00e9tiques. Une facture vous sera remise \u00e0 chaque paiement. <\/mark><\/p>\n\n\n\n<hr class=\"wp-block-separator has-alpha-channel-opacity\"\/>\n\n\n\n<div class=\"wp-block-buttons is-content-justification-center is-layout-flex wp-container-core-buttons-is-layout-16018d1d wp-block-buttons-is-layout-flex\">\n<div class=\"wp-block-button has-custom-width wp-block-button__width-50 has-custom-font-size has-small-font-size\"><a class=\"wp-block-button__link has-background wp-element-button\" href=\"https:\/\/diet.alivio.fr\/dieteticien\/alexandra-mlodzinski\" style=\"background-color:#5abbbf\" target=\"_blank\" rel=\"noreferrer noopener\">Prendre rendez-vous<\/a><\/div>\n<\/div>\n\n\n\n<hr class=\"wp-block-separator has-alpha-channel-opacity\"\/>\n\n\n\n<p>Le suivi s&#8217;effectue via l&#8217;application Alivio (100% gratuite). <\/p>\n\n\n\n<div class=\"wp-block-group is-nowrap is-layout-flex wp-container-core-group-is-layout-ad2f72ca wp-block-group-is-layout-flex\">\n<figure class=\"wp-block-image size-large is-resized\"><img loading=\"lazy\" decoding=\"async\" width=\"1024\" height=\"690\" src=\"http:\/\/www.alexandradietetique.fr\/wp-content\/uploads\/2023\/09\/Capture-decran-2023-09-21-095040-3-1024x690.jpg\" alt=\"\" class=\"wp-image-172\" style=\"aspect-ratio:4\/3;object-fit:cover;width:383px;height:undefinedpx\" srcset=\"https:\/\/www.alexandradietetique.fr\/wp-content\/uploads\/2023\/09\/Capture-decran-2023-09-21-095040-3-1024x690.jpg 1024w, https:\/\/www.alexandradietetique.fr\/wp-content\/uploads\/2023\/09\/Capture-decran-2023-09-21-095040-3-300x202.jpg 300w, https:\/\/www.alexandradietetique.fr\/wp-content\/uploads\/2023\/09\/Capture-decran-2023-09-21-095040-3-768x517.jpg 768w, https:\/\/www.alexandradietetique.fr\/wp-content\/uploads\/2023\/09\/Capture-decran-2023-09-21-095040-3-89x60.jpg 89w, https:\/\/www.alexandradietetique.fr\/wp-content\/uploads\/2023\/09\/Capture-decran-2023-09-21-095040-3.jpg 1266w\" sizes=\"auto, (max-width: 1024px) 100vw, 1024px\" \/><\/figure>\n\n\n\n<figure class=\"wp-block-image size-large is-resized\"><img loading=\"lazy\" decoding=\"async\" width=\"1024\" height=\"714\" src=\"http:\/\/www.alexandradietetique.fr\/wp-content\/uploads\/2023\/09\/Capture-decran-2023-09-21-095109-1-1024x714.jpg\" alt=\"\" class=\"wp-image-174\" style=\"aspect-ratio:4\/3;object-fit:cover;width:381px;height:undefinedpx\" srcset=\"https:\/\/www.alexandradietetique.fr\/wp-content\/uploads\/2023\/09\/Capture-decran-2023-09-21-095109-1-1024x714.jpg 1024w, https:\/\/www.alexandradietetique.fr\/wp-content\/uploads\/2023\/09\/Capture-decran-2023-09-21-095109-1-300x209.jpg 300w, https:\/\/www.alexandradietetique.fr\/wp-content\/uploads\/2023\/09\/Capture-decran-2023-09-21-095109-1-768x535.jpg 768w, https:\/\/www.alexandradietetique.fr\/wp-content\/uploads\/2023\/09\/Capture-decran-2023-09-21-095109-1-86x60.jpg 86w, https:\/\/www.alexandradietetique.fr\/wp-content\/uploads\/2023\/09\/Capture-decran-2023-09-21-095109-1.jpg 1258w\" sizes=\"auto, (max-width: 1024px) 100vw, 1024px\" \/><\/figure>\n<\/div>\n","protected":false},"excerpt":{"rendered":"<p>Comment s&#8217;organise une prise en charge di\u00e9t\u00e9tique? Un premier rendez-vous de bilan (1h environ): La premi\u00e8re s\u00e9ance aura pour but de faire un bilan sur &hellip; <\/p>\n","protected":false},"author":1,"featured_media":0,"parent":0,"menu_order":0,"comment_status":"closed","ping_status":"closed","template":"","meta":{"footnotes":""},"class_list":["post-39","page","type-page","status-publish","hentry","latest_post"],"_links":{"self":[{"href":"https:\/\/www.alexandradietetique.fr\/index.php\/wp-json\/wp\/v2\/pages\/39","targetHints":{"allow":["GET"]}}],"collection":[{"href":"https:\/\/www.alexandradietetique.fr\/index.php\/wp-json\/wp\/v2\/pages"}],"about":[{"href":"https:\/\/www.alexandradietetique.fr\/index.php\/wp-json\/wp\/v2\/types\/page"}],"author":[{"embeddable":true,"href":"https:\/\/www.alexandradietetique.fr\/index.php\/wp-json\/wp\/v2\/users\/1"}],"replies":[{"embeddable":true,"href":"https:\/\/www.alexandradietetique.fr\/index.php\/wp-json\/wp\/v2\/comments?post=39"}],"version-history":[{"count":12,"href":"https:\/\/www.alexandradietetique.fr\/index.php\/wp-json\/wp\/v2\/pages\/39\/revisions"}],"predecessor-version":[{"id":235,"href":"https:\/\/www.alexandradietetique.fr\/index.php\/wp-json\/wp\/v2\/pages\/39\/revisions\/235"}],"wp:attachment":[{"href":"https:\/\/www.alexandradietetique.fr\/index.php\/wp-json\/wp\/v2\/media?parent=39"}],"curies":[{"name":"wp","href":"https:\/\/api.w.org\/{rel}","templated":true}]}}