{"id":42,"date":"2022-11-10T16:20:38","date_gmt":"2022-11-10T15:20:38","guid":{"rendered":"http:\/\/www.alexandradietetique.fr\/?page_id=42"},"modified":"2026-04-08T11:58:11","modified_gmt":"2026-04-08T09:58:11","slug":"tarifs","status":"publish","type":"page","link":"https:\/\/www.alexandradietetique.fr\/index.php\/tarifs\/","title":{"rendered":"Tarifs"},"content":{"rendered":"\n<p><strong>Tarifs des consultations individuelles au cabinet ou \u00e0 distance<\/strong>: <\/p>\n\n\n\n<p><strong>Consultation \u00e0 l\u2019unit\u00e9 <\/strong>: 55\u20ac<\/p>\n\n\n\n<p><strong>Formule suivi :<\/strong> 1 bilan + 3 suivis : 200\u20ac <em>(remise de 20\u20ac)(valable 6 mois, \u00e0 payer au d\u00e9but)<\/em><\/p>\n\n\n\n<p><em><strong>Rajout de 3 suivis:<\/strong> 155\u20ac (remise de 10\u20ac)<\/em><\/p>\n\n\n\n<p><strong>Consultation oncodiet<\/strong> (prise en charge dans le cadre d\u2019un cancer) :<em>40\u20ac<\/em> <em>sur justificatif m\u00e9dical uniquement &#8211; me contacter pour plus d\u2019information<\/em><\/p>\n\n\n\n<p class=\"has-medium-font-size\"><\/p>\n\n\n\n<div class=\"wp-block-buttons is-content-justification-center is-layout-flex wp-container-core-buttons-is-layout-16018d1d wp-block-buttons-is-layout-flex\">\n<div class=\"wp-block-button has-custom-width wp-block-button__width-50\"><a class=\"wp-block-button__link has-background has-small-font-size has-custom-font-size wp-element-button\" href=\"https:\/\/diet.alivio.fr\/dieteticien\/alexandra-mlodzinski\" style=\"border-radius:100px;background-color:#5abbbf\" target=\"_blank\" rel=\"noreferrer noopener\">Prendre Rendez-vous<\/a><\/div>\n<\/div>\n\n\n\n<p class=\"has-text-align-center\"><mark style=\"background-color:rgba(0, 0, 0, 0)\" class=\"has-inline-color has-luminous-vivid-amber-color\"><strong>Contactez votre mutuelle:<\/strong><\/mark><strong><mark style=\"background-color:rgba(0, 0, 0, 0)\" class=\"has-inline-color has-luminous-vivid-amber-color\"> <\/mark><\/strong><mark style=\"background-color:rgba(0, 0, 0, 0)\" class=\"has-inline-color has-luminous-vivid-amber-color\">Elles sont nombreuses \u00e0 prendre en charge les consultations di\u00e9t\u00e9tiques. Une facture vous sera remise \u00e0 chaque paiement. <\/mark><\/p>\n\n\n\n<p class=\"has-medium-font-size\"><strong>Formule Suivi 3 mois <\/strong>: 260\u20ac<em> (\u00e0 payer au d\u00e9but du suivi)<\/em><\/p>\n\n\n\n<p class=\"has-medium-font-size\">1 consultation\/mois (pr\u00e9sentiel ou visio) + 1 bilan interm\u00e9diaire par message toute les semaines<\/p>\n\n\n\n<p>-10% pour les \u00e9tudiants, les demandeurs d&#8217;emploi et les adh\u00e9rents de crossfit Arles sur pr\u00e9sentation d&#8217;un justificatif valide le jour de la consultation.<\/p>\n\n\n\n<p><\/p>\n","protected":false},"excerpt":{"rendered":"<p>Tarifs des consultations individuelles au cabinet ou \u00e0 distance: Consultation \u00e0 l\u2019unit\u00e9 : 55\u20ac Formule suivi : 1 bilan + 3 suivis : 200\u20ac (remise &hellip; <\/p>\n","protected":false},"author":1,"featured_media":0,"parent":0,"menu_order":0,"comment_status":"closed","ping_status":"closed","template":"","meta":{"footnotes":""},"class_list":["post-42","page","type-page","status-publish","hentry","latest_post"],"_links":{"self":[{"href":"https:\/\/www.alexandradietetique.fr\/index.php\/wp-json\/wp\/v2\/pages\/42","targetHints":{"allow":["GET"]}}],"collection":[{"href":"https:\/\/www.alexandradietetique.fr\/index.php\/wp-json\/wp\/v2\/pages"}],"about":[{"href":"https:\/\/www.alexandradietetique.fr\/index.php\/wp-json\/wp\/v2\/types\/page"}],"author":[{"embeddable":true,"href":"https:\/\/www.alexandradietetique.fr\/index.php\/wp-json\/wp\/v2\/users\/1"}],"replies":[{"embeddable":true,"href":"https:\/\/www.alexandradietetique.fr\/index.php\/wp-json\/wp\/v2\/comments?post=42"}],"version-history":[{"count":23,"href":"https:\/\/www.alexandradietetique.fr\/index.php\/wp-json\/wp\/v2\/pages\/42\/revisions"}],"predecessor-version":[{"id":244,"href":"https:\/\/www.alexandradietetique.fr\/index.php\/wp-json\/wp\/v2\/pages\/42\/revisions\/244"}],"wp:attachment":[{"href":"https:\/\/www.alexandradietetique.fr\/index.php\/wp-json\/wp\/v2\/media?parent=42"}],"curies":[{"name":"wp","href":"https:\/\/api.w.org\/{rel}","templated":true}]}}