{"id":9,"date":"2022-11-10T15:31:54","date_gmt":"2022-11-10T14:31:54","guid":{"rendered":"http:\/\/www.alexandradietetique.fr\/?page_id=9"},"modified":"2024-12-17T17:02:56","modified_gmt":"2024-12-17T16:02:56","slug":"accueil","status":"publish","type":"page","link":"https:\/\/www.alexandradietetique.fr\/","title":{"rendered":"Bienvenue"},"content":{"rendered":"\n<div class=\"wp-block-group\"><div class=\"wp-block-group__inner-container is-layout-constrained wp-block-group-is-layout-constrained\">\n<figure class=\"wp-block-image size-medium is-resized is-style-rounded\"><img loading=\"lazy\" decoding=\"async\" width=\"300\" height=\"297\" src=\"http:\/\/www.alexandradietetique.fr\/wp-content\/uploads\/2023\/03\/IMG_2495_2-300x297.jpg\" alt=\"\" class=\"wp-image-129\" style=\"width:150px;height:149px\" srcset=\"https:\/\/www.alexandradietetique.fr\/wp-content\/uploads\/2023\/03\/IMG_2495_2-300x297.jpg 300w, https:\/\/www.alexandradietetique.fr\/wp-content\/uploads\/2023\/03\/IMG_2495_2-1024x1015.jpg 1024w, https:\/\/www.alexandradietetique.fr\/wp-content\/uploads\/2023\/03\/IMG_2495_2-150x150.jpg 150w, https:\/\/www.alexandradietetique.fr\/wp-content\/uploads\/2023\/03\/IMG_2495_2-768x761.jpg 768w, https:\/\/www.alexandradietetique.fr\/wp-content\/uploads\/2023\/03\/IMG_2495_2-1536x1523.jpg 1536w, https:\/\/www.alexandradietetique.fr\/wp-content\/uploads\/2023\/03\/IMG_2495_2-2048x2030.jpg 2048w, https:\/\/www.alexandradietetique.fr\/wp-content\/uploads\/2023\/03\/IMG_2495_2-61x60.jpg 61w\" sizes=\"auto, (max-width: 300px) 100vw, 300px\" \/><\/figure>\n<\/div><\/div>\n\n\n\n<div class=\"wp-block-group\"><div class=\"wp-block-group__inner-container is-layout-constrained wp-block-group-is-layout-constrained\">\n<p>Moi c&#8217;est Alexandra Mlodzinski, di\u00e9t\u00e9ticienne-nutritionniste, sp\u00e9cialis\u00e9e dans l&#8217;alimentation du sportif. Passionn\u00e9e de nutrition, de cuisine et de sport, devenir di\u00e9t\u00e9ticienne s\u2019est pr\u00e9sent\u00e9 comme une \u00e9vidence. Je souhaite accompagner les personnes de tout \u00e2ge vers une alimentation \u00e9quilibr\u00e9e, plaisir et sans prise de t\u00eate, tout en atteignant vos objectifs de sant\u00e9 et de performances.<\/p>\n<\/div><\/div>\n\n\n\n<p><\/p>\n\n\n\n<p><\/p>\n\n\n\n<div class=\"wp-block-buttons is-content-justification-center is-layout-flex wp-container-core-buttons-is-layout-16018d1d wp-block-buttons-is-layout-flex\">\n<div class=\"wp-block-button has-custom-width wp-block-button__width-50 has-custom-font-size has-small-font-size\"><a class=\"wp-block-button__link has-background wp-element-button\" href=\"http:\/\/www.alexandradietetique.fr\/index.php\/presentation\/\" style=\"background-color:#5abbbf\" rel=\"\">En savoir plus sur moi<\/a><\/div>\n<\/div>\n\n\n\n<hr class=\"wp-block-separator has-alpha-channel-opacity\"\/>\n\n\n\n<p><\/p>\n\n\n\n<p><\/p>\n\n\n\n<p style=\"font-size:30px\"><strong>Mon approche de la di\u00e9t\u00e9tique <\/strong><\/p>\n\n\n\n<div class=\"wp-block-group has-background\" style=\"background-color:#9bcacc1a\"><div class=\"wp-block-group__inner-container is-layout-constrained wp-block-group-is-layout-constrained\">\n<p>La di\u00e9t\u00e9tique est souvent associ\u00e9e aux r\u00e9gimes et \u00e0 la restriction, aux interdits. Ici, rien de tout cela !<\/p>\n\n\n\n<p>Quels que soit vos objectifs, je vous accompagne pour adapter votre alimentation \u00e0 vos besoins d\u2019une mani\u00e8re saine et durable. Je m\u2019adapte \u00e0 votre r\u00e9gime alimentaire et \u00e0 votre mode de vie. Sans restriction pour z\u00e9ro frustration. Pas d\u2019aliments interdits. Mon but est de vous donner les cl\u00e9s pour apprendre \u00e0 manger \u00e9quilibr\u00e9, selon vos besoins et vos objectifs, sur le long terme tout en gardant le plaisir de manger.<\/p>\n\n\n\n<p>Il s\u2019agit d\u2019une collaboration o\u00f9 nous d\u00e9cidons ensemble de vos objectifs.<\/p>\n<\/div><\/div>\n\n\n\n<hr class=\"wp-block-separator has-alpha-channel-opacity\"\/>\n\n\n\n<div class=\"wp-block-group is-content-justification-center is-nowrap is-layout-flex wp-container-core-group-is-layout-94bc23d7 wp-block-group-is-layout-flex\">\n<figure class=\"wp-block-image size-large is-resized is-style-rounded\"><img loading=\"lazy\" decoding=\"async\" width=\"1024\" height=\"1024\" src=\"http:\/\/www.alexandradietetique.fr\/wp-content\/uploads\/2022\/11\/IMG_20180304_132215_456-2-1024x1024.jpg\" alt=\"\" class=\"wp-image-52\" style=\"width:256px;height:256px\" srcset=\"https:\/\/www.alexandradietetique.fr\/wp-content\/uploads\/2022\/11\/IMG_20180304_132215_456-2-1024x1024.jpg 1024w, https:\/\/www.alexandradietetique.fr\/wp-content\/uploads\/2022\/11\/IMG_20180304_132215_456-2-300x300.jpg 300w, https:\/\/www.alexandradietetique.fr\/wp-content\/uploads\/2022\/11\/IMG_20180304_132215_456-2-150x150.jpg 150w, https:\/\/www.alexandradietetique.fr\/wp-content\/uploads\/2022\/11\/IMG_20180304_132215_456-2-768x768.jpg 768w, https:\/\/www.alexandradietetique.fr\/wp-content\/uploads\/2022\/11\/IMG_20180304_132215_456-2-1536x1536.jpg 1536w, https:\/\/www.alexandradietetique.fr\/wp-content\/uploads\/2022\/11\/IMG_20180304_132215_456-2-2048x2048.jpg 2048w, https:\/\/www.alexandradietetique.fr\/wp-content\/uploads\/2022\/11\/IMG_20180304_132215_456-2-100x100.jpg 100w\" sizes=\"auto, (max-width: 1024px) 100vw, 1024px\" \/><\/figure>\n\n\n\n<figure class=\"wp-block-image size-large is-resized is-style-rounded\"><img loading=\"lazy\" decoding=\"async\" width=\"730\" height=\"1024\" src=\"http:\/\/www.alexandradietetique.fr\/wp-content\/uploads\/2022\/11\/IMG_20180521_130558_487_2-730x1024.jpg\" alt=\"\" class=\"wp-image-101\" style=\"width:183px;height:256px\" srcset=\"https:\/\/www.alexandradietetique.fr\/wp-content\/uploads\/2022\/11\/IMG_20180521_130558_487_2-730x1024.jpg 730w, https:\/\/www.alexandradietetique.fr\/wp-content\/uploads\/2022\/11\/IMG_20180521_130558_487_2-214x300.jpg 214w, https:\/\/www.alexandradietetique.fr\/wp-content\/uploads\/2022\/11\/IMG_20180521_130558_487_2-768x1077.jpg 768w, https:\/\/www.alexandradietetique.fr\/wp-content\/uploads\/2022\/11\/IMG_20180521_130558_487_2-1095x1536.jpg 1095w, https:\/\/www.alexandradietetique.fr\/wp-content\/uploads\/2022\/11\/IMG_20180521_130558_487_2-1460x2048.jpg 1460w, https:\/\/www.alexandradietetique.fr\/wp-content\/uploads\/2022\/11\/IMG_20180521_130558_487_2-43x60.jpg 43w, https:\/\/www.alexandradietetique.fr\/wp-content\/uploads\/2022\/11\/IMG_20180521_130558_487_2-scaled.jpg 1825w\" sizes=\"auto, (max-width: 730px) 100vw, 730px\" \/><\/figure>\n\n\n\n<figure class=\"wp-block-image size-large is-resized is-style-rounded\"><img loading=\"lazy\" decoding=\"async\" width=\"819\" height=\"1024\" src=\"http:\/\/www.alexandradietetique.fr\/wp-content\/uploads\/2022\/11\/IMG_20180509_121442_205-819x1024.jpg\" alt=\"\" class=\"wp-image-102\" style=\"width:205px;height:256px\" srcset=\"https:\/\/www.alexandradietetique.fr\/wp-content\/uploads\/2022\/11\/IMG_20180509_121442_205-819x1024.jpg 819w, https:\/\/www.alexandradietetique.fr\/wp-content\/uploads\/2022\/11\/IMG_20180509_121442_205-240x300.jpg 240w, https:\/\/www.alexandradietetique.fr\/wp-content\/uploads\/2022\/11\/IMG_20180509_121442_205-768x960.jpg 768w, https:\/\/www.alexandradietetique.fr\/wp-content\/uploads\/2022\/11\/IMG_20180509_121442_205-1229x1536.jpg 1229w, https:\/\/www.alexandradietetique.fr\/wp-content\/uploads\/2022\/11\/IMG_20180509_121442_205-1638x2048.jpg 1638w, https:\/\/www.alexandradietetique.fr\/wp-content\/uploads\/2022\/11\/IMG_20180509_121442_205-48x60.jpg 48w, https:\/\/www.alexandradietetique.fr\/wp-content\/uploads\/2022\/11\/IMG_20180509_121442_205-scaled.jpg 2048w\" sizes=\"auto, (max-width: 819px) 100vw, 819px\" \/><\/figure>\n<\/div>\n\n\n\n<hr class=\"wp-block-separator has-alpha-channel-opacity\"\/>\n\n\n\n<p><\/p>\n\n\n\n<div class=\"wp-block-buttons is-content-justification-center is-layout-flex wp-container-core-buttons-is-layout-16018d1d wp-block-buttons-is-layout-flex\">\n<div class=\"wp-block-button has-custom-width wp-block-button__width-50 has-custom-font-size has-small-font-size\"><a class=\"wp-block-button__link has-background wp-element-button\" href=\"https:\/\/diet.alivio.fr\/dieteticien\/alexandra-mlodzinski\" style=\"background-color:#5abbbf\" target=\"_blank\" rel=\"noreferrer noopener\">Prendre rendez-vous<\/a><\/div>\n<\/div>\n","protected":false},"excerpt":{"rendered":"<p>Moi c&#8217;est Alexandra Mlodzinski, di\u00e9t\u00e9ticienne-nutritionniste, sp\u00e9cialis\u00e9e dans l&#8217;alimentation du sportif. Passionn\u00e9e de nutrition, de cuisine et de sport, devenir di\u00e9t\u00e9ticienne s\u2019est pr\u00e9sent\u00e9 comme une \u00e9vidence. &hellip; <\/p>\n","protected":false},"author":1,"featured_media":0,"parent":0,"menu_order":0,"comment_status":"closed","ping_status":"closed","template":"","meta":{"footnotes":""},"class_list":["post-9","page","type-page","status-publish","hentry","latest_post"],"_links":{"self":[{"href":"https:\/\/www.alexandradietetique.fr\/index.php\/wp-json\/wp\/v2\/pages\/9","targetHints":{"allow":["GET"]}}],"collection":[{"href":"https:\/\/www.alexandradietetique.fr\/index.php\/wp-json\/wp\/v2\/pages"}],"about":[{"href":"https:\/\/www.alexandradietetique.fr\/index.php\/wp-json\/wp\/v2\/types\/page"}],"author":[{"embeddable":true,"href":"https:\/\/www.alexandradietetique.fr\/index.php\/wp-json\/wp\/v2\/users\/1"}],"replies":[{"embeddable":true,"href":"https:\/\/www.alexandradietetique.fr\/index.php\/wp-json\/wp\/v2\/comments?post=9"}],"version-history":[{"count":18,"href":"https:\/\/www.alexandradietetique.fr\/index.php\/wp-json\/wp\/v2\/pages\/9\/revisions"}],"predecessor-version":[{"id":233,"href":"https:\/\/www.alexandradietetique.fr\/index.php\/wp-json\/wp\/v2\/pages\/9\/revisions\/233"}],"wp:attachment":[{"href":"https:\/\/www.alexandradietetique.fr\/index.php\/wp-json\/wp\/v2\/media?parent=9"}],"curies":[{"name":"wp","href":"https:\/\/api.w.org\/{rel}","templated":true}]}}